{"id":358357,"date":"2023-06-16T04:58:04","date_gmt":"2023-06-16T02:58:04","guid":{"rendered":"https:\/\/www.brigitte-adolph.de\/spitzenschmuck\/velvet-ring-box-in-rose\/"},"modified":"2026-01-29T04:27:19","modified_gmt":"2026-01-29T03:27:19","slug":"velvet-ring-box-in-rose","status":"publish","type":"product","link":"https:\/\/www.brigitte-adolph.de\/en\/jewellery\/velvet-ring-box-in-rose\/","title":{"rendered":"Velvet ring box in ros\u00e9"},"content":{"rendered":"<p><strong>Reference<br \/><\/strong> 4002-Ringetui-rose <\/p>\n<p><strong>Size<br \/><\/strong> 4 x 4 x 4.7cm <\/p>\n<p><strong>Colour<br \/><\/strong> ros\u00e9 <\/p>\n","protected":false},"excerpt":{"rendered":"<p>Das mit Samt \u00fcberzogene Ringetui im Vintage-Stil bietet die luxori\u00f6se Inszenierung die dein Ring verdient hat. Der edle Samtbezug ist \u00e4u\u00dferst hochwertig und robust und l\u00e4sst deinen Ring so richtig funkeln.<br \/>\nDas hochwertige Schmuckk\u00e4stchen ist auch wundersch\u00f6ner Blickfang auf deiner Kommode oder deinem Schminktisch und eine liebevolle Aufbewahrung f\u00fcr die n\u00e4chste Generation.<\/p>\n","protected":false},"featured_media":359917,"comment_status":"closed","ping_status":"open","template":"","meta":[],"product_brand":[],"product_cat":[514],"product_tag":[555],"class_list":{"0":"post-358357","1":"product","2":"type-product","3":"status-publish","4":"has-post-thumbnail","6":"product_cat-unkategorisiert","7":"product_tag-etuis","8":"product_shipping_class-lieferzeit4","9":"place-cases","11":"first","12":"onbackorder","13":"taxable","14":"shipping-taxable","15":"product-type-simple"},"yoast_head":"<!-- This site is optimized with the Yoast SEO plugin v26.6 - https:\/\/yoast.com\/wordpress\/plugins\/seo\/ -->\n<title>Velvet ring box in ros\u00e9 - Brigitte Adolph<\/title>\n<meta name=\"robots\" content=\"index, follow, max-snippet:-1, max-image-preview:large, max-video-preview:-1\" \/>\n<link rel=\"canonical\" href=\"https:\/\/www.brigitte-adolph.de\/en\/jewellery\/velvet-ring-box-in-rose\/\" \/>\n<meta property=\"og:locale\" content=\"en_US\" \/>\n<meta property=\"og:type\" content=\"article\" \/>\n<meta property=\"og:title\" content=\"Velvet ring box in ros\u00e9 - Brigitte Adolph\" \/>\n<meta property=\"og:description\" content=\"Das mit Samt \u00fcberzogene Ringetui im Vintage-Stil bietet die luxori\u00f6se Inszenierung die dein Ring verdient hat. Der edle Samtbezug ist \u00e4u\u00dferst hochwertig und robust und l\u00e4sst deinen Ring so richtig funkeln. Das hochwertige Schmuckk\u00e4stchen ist auch wundersch\u00f6ner Blickfang auf deiner Kommode oder deinem Schminktisch und eine liebevolle Aufbewahrung f\u00fcr die n\u00e4chste Generation.\" \/>\n<meta property=\"og:url\" content=\"https:\/\/www.brigitte-adolph.de\/en\/jewellery\/velvet-ring-box-in-rose\/\" \/>\n<meta property=\"og:site_name\" content=\"Brigitte Adolph\" \/>\n<meta property=\"article:modified_time\" content=\"2026-01-29T03:27:19+00:00\" \/>\n<meta property=\"og:image\" content=\"https:\/\/www.brigitte-adolph.de\/wp-content\/uploads\/2023\/06\/ringe_mood-theresa-kassiopeia.jpg\" \/>\n\t<meta property=\"og:image:width\" content=\"2000\" \/>\n\t<meta property=\"og:image:height\" content=\"2000\" \/>\n\t<meta property=\"og:image:type\" content=\"image\/jpeg\" \/>\n<meta name=\"twitter:card\" content=\"summary_large_image\" \/>\n<script type=\"application\/ld+json\" class=\"yoast-schema-graph\">{\"@context\":\"https:\/\/schema.org\",\"@graph\":[{\"@type\":\"WebPage\",\"@id\":\"https:\/\/www.brigitte-adolph.de\/en\/jewellery\/velvet-ring-box-in-rose\/\",\"url\":\"https:\/\/www.brigitte-adolph.de\/en\/jewellery\/velvet-ring-box-in-rose\/\",\"name\":\"Velvet ring box in ros\u00e9 - Brigitte Adolph\",\"isPartOf\":{\"@id\":\"https:\/\/www.brigitte-adolph.de\/#website\"},\"primaryImageOfPage\":{\"@id\":\"https:\/\/www.brigitte-adolph.de\/en\/jewellery\/velvet-ring-box-in-rose\/#primaryimage\"},\"image\":{\"@id\":\"https:\/\/www.brigitte-adolph.de\/en\/jewellery\/velvet-ring-box-in-rose\/#primaryimage\"},\"thumbnailUrl\":\"https:\/\/www.brigitte-adolph.de\/wp-content\/uploads\/2023\/06\/ringe_mood-theresa-kassiopeia.jpg\",\"datePublished\":\"2023-06-16T02:58:04+00:00\",\"dateModified\":\"2026-01-29T03:27:19+00:00\",\"breadcrumb\":{\"@id\":\"https:\/\/www.brigitte-adolph.de\/en\/jewellery\/velvet-ring-box-in-rose\/#breadcrumb\"},\"inLanguage\":\"en-US\",\"potentialAction\":[{\"@type\":\"ReadAction\",\"target\":[\"https:\/\/www.brigitte-adolph.de\/en\/jewellery\/velvet-ring-box-in-rose\/\"]}]},{\"@type\":\"ImageObject\",\"inLanguage\":\"en-US\",\"@id\":\"https:\/\/www.brigitte-adolph.de\/en\/jewellery\/velvet-ring-box-in-rose\/#primaryimage\",\"url\":\"https:\/\/www.brigitte-adolph.de\/wp-content\/uploads\/2023\/06\/ringe_mood-theresa-kassiopeia.jpg\",\"contentUrl\":\"https:\/\/www.brigitte-adolph.de\/wp-content\/uploads\/2023\/06\/ringe_mood-theresa-kassiopeia.jpg\",\"width\":2000,\"height\":2000},{\"@type\":\"BreadcrumbList\",\"@id\":\"https:\/\/www.brigitte-adolph.de\/en\/jewellery\/velvet-ring-box-in-rose\/#breadcrumb\",\"itemListElement\":[{\"@type\":\"ListItem\",\"position\":1,\"name\":\"Startseite\",\"item\":\"https:\/\/www.brigitte-adolph.de\/en\/\"},{\"@type\":\"ListItem\",\"position\":2,\"name\":\"Jewellery\",\"item\":\"https:\/\/www.brigitte-adolph.de\/en\/jewellery\/\"},{\"@type\":\"ListItem\",\"position\":3,\"name\":\"Velvet ring box in ros\u00e9\"}]},{\"@type\":\"WebSite\",\"@id\":\"https:\/\/www.brigitte-adolph.de\/#website\",\"url\":\"https:\/\/www.brigitte-adolph.de\/\",\"name\":\"Brigitte Adolph\",\"description\":\"\",\"potentialAction\":[{\"@type\":\"SearchAction\",\"target\":{\"@type\":\"EntryPoint\",\"urlTemplate\":\"https:\/\/www.brigitte-adolph.de\/?s={search_term_string}\"},\"query-input\":{\"@type\":\"PropertyValueSpecification\",\"valueRequired\":true,\"valueName\":\"search_term_string\"}}],\"inLanguage\":\"en-US\"}]}<\/script>\n<!-- \/ Yoast SEO plugin. -->","yoast_head_json":{"title":"Velvet ring box in ros\u00e9 - Brigitte Adolph","robots":{"index":"index","follow":"follow","max-snippet":"max-snippet:-1","max-image-preview":"max-image-preview:large","max-video-preview":"max-video-preview:-1"},"canonical":"https:\/\/www.brigitte-adolph.de\/en\/jewellery\/velvet-ring-box-in-rose\/","og_locale":"en_US","og_type":"article","og_title":"Velvet ring box in ros\u00e9 - Brigitte Adolph","og_description":"Das mit Samt \u00fcberzogene Ringetui im Vintage-Stil bietet die luxori\u00f6se Inszenierung die dein Ring verdient hat. Der edle Samtbezug ist \u00e4u\u00dferst hochwertig und robust und l\u00e4sst deinen Ring so richtig funkeln. Das hochwertige Schmuckk\u00e4stchen ist auch wundersch\u00f6ner Blickfang auf deiner Kommode oder deinem Schminktisch und eine liebevolle Aufbewahrung f\u00fcr die n\u00e4chste Generation.","og_url":"https:\/\/www.brigitte-adolph.de\/en\/jewellery\/velvet-ring-box-in-rose\/","og_site_name":"Brigitte Adolph","article_modified_time":"2026-01-29T03:27:19+00:00","og_image":[{"width":2000,"height":2000,"url":"https:\/\/www.brigitte-adolph.de\/wp-content\/uploads\/2023\/06\/ringe_mood-theresa-kassiopeia.jpg","type":"image\/jpeg"}],"twitter_card":"summary_large_image","schema":{"@context":"https:\/\/schema.org","@graph":[{"@type":"WebPage","@id":"https:\/\/www.brigitte-adolph.de\/en\/jewellery\/velvet-ring-box-in-rose\/","url":"https:\/\/www.brigitte-adolph.de\/en\/jewellery\/velvet-ring-box-in-rose\/","name":"Velvet ring box in ros\u00e9 - Brigitte Adolph","isPartOf":{"@id":"https:\/\/www.brigitte-adolph.de\/#website"},"primaryImageOfPage":{"@id":"https:\/\/www.brigitte-adolph.de\/en\/jewellery\/velvet-ring-box-in-rose\/#primaryimage"},"image":{"@id":"https:\/\/www.brigitte-adolph.de\/en\/jewellery\/velvet-ring-box-in-rose\/#primaryimage"},"thumbnailUrl":"https:\/\/www.brigitte-adolph.de\/wp-content\/uploads\/2023\/06\/ringe_mood-theresa-kassiopeia.jpg","datePublished":"2023-06-16T02:58:04+00:00","dateModified":"2026-01-29T03:27:19+00:00","breadcrumb":{"@id":"https:\/\/www.brigitte-adolph.de\/en\/jewellery\/velvet-ring-box-in-rose\/#breadcrumb"},"inLanguage":"en-US","potentialAction":[{"@type":"ReadAction","target":["https:\/\/www.brigitte-adolph.de\/en\/jewellery\/velvet-ring-box-in-rose\/"]}]},{"@type":"ImageObject","inLanguage":"en-US","@id":"https:\/\/www.brigitte-adolph.de\/en\/jewellery\/velvet-ring-box-in-rose\/#primaryimage","url":"https:\/\/www.brigitte-adolph.de\/wp-content\/uploads\/2023\/06\/ringe_mood-theresa-kassiopeia.jpg","contentUrl":"https:\/\/www.brigitte-adolph.de\/wp-content\/uploads\/2023\/06\/ringe_mood-theresa-kassiopeia.jpg","width":2000,"height":2000},{"@type":"BreadcrumbList","@id":"https:\/\/www.brigitte-adolph.de\/en\/jewellery\/velvet-ring-box-in-rose\/#breadcrumb","itemListElement":[{"@type":"ListItem","position":1,"name":"Startseite","item":"https:\/\/www.brigitte-adolph.de\/en\/"},{"@type":"ListItem","position":2,"name":"Jewellery","item":"https:\/\/www.brigitte-adolph.de\/en\/jewellery\/"},{"@type":"ListItem","position":3,"name":"Velvet ring box in ros\u00e9"}]},{"@type":"WebSite","@id":"https:\/\/www.brigitte-adolph.de\/#website","url":"https:\/\/www.brigitte-adolph.de\/","name":"Brigitte Adolph","description":"","potentialAction":[{"@type":"SearchAction","target":{"@type":"EntryPoint","urlTemplate":"https:\/\/www.brigitte-adolph.de\/?s={search_term_string}"},"query-input":{"@type":"PropertyValueSpecification","valueRequired":true,"valueName":"search_term_string"}}],"inLanguage":"en-US"}]}},"_links":{"self":[{"href":"https:\/\/www.brigitte-adolph.de\/en\/wp-json\/wp\/v2\/product\/358357","targetHints":{"allow":["GET"]}}],"collection":[{"href":"https:\/\/www.brigitte-adolph.de\/en\/wp-json\/wp\/v2\/product"}],"about":[{"href":"https:\/\/www.brigitte-adolph.de\/en\/wp-json\/wp\/v2\/types\/product"}],"replies":[{"embeddable":true,"href":"https:\/\/www.brigitte-adolph.de\/en\/wp-json\/wp\/v2\/comments?post=358357"}],"wp:featuredmedia":[{"embeddable":true,"href":"https:\/\/www.brigitte-adolph.de\/en\/wp-json\/wp\/v2\/media\/359917"}],"wp:attachment":[{"href":"https:\/\/www.brigitte-adolph.de\/en\/wp-json\/wp\/v2\/media?parent=358357"}],"wp:term":[{"taxonomy":"product_brand","embeddable":true,"href":"https:\/\/www.brigitte-adolph.de\/en\/wp-json\/wp\/v2\/product_brand?post=358357"},{"taxonomy":"product_cat","embeddable":true,"href":"https:\/\/www.brigitte-adolph.de\/en\/wp-json\/wp\/v2\/product_cat?post=358357"},{"taxonomy":"product_tag","embeddable":true,"href":"https:\/\/www.brigitte-adolph.de\/en\/wp-json\/wp\/v2\/product_tag?post=358357"}],"curies":[{"name":"wp","href":"https:\/\/api.w.org\/{rel}","templated":true}]}}